{"id":194,"date":"2014-09-17T15:41:37","date_gmt":"2014-09-17T13:41:37","guid":{"rendered":"http:\/\/www.stpm.org\/?page_id=194"},"modified":"2014-09-17T16:09:45","modified_gmt":"2014-09-17T14:09:45","slug":"stpm-predstavitev","status":"publish","type":"page","link":"https:\/\/stpm.si\/?page_id=194","title":{"rendered":"Sekcija za tropsko in potovalno medicino"},"content":{"rendered":"<p>Leta 1977 se je v trope podala prva slovenska zdravni\u0161ka odprava. Za prof. Franja Piklja je bila afri\u0161ka de\u017eela ljubezen na prvi pogled, nepozabno iskreno do\u017eivetje s Pigmejci pa ga je zaznamovalo za vse \u017eivljenje. Tropski medicini je posvetil vse svoje nadaljnje delo in skupaj z njim njegove sanje danes \u017eivimo njegovi mlaj\u0161i kolegi. Po ko\u0161\u010dkih se trudimo tam doli privabiti sijo\u010de nasmehe na \u010dim ve\u010d ust, pri nas pa \u010dim ve\u010d ljudem pribli\u017eati \u017eivljenje blatnih ko\u010d in trdega dela afri\u0161kih rok ter pokazati, da z roko v roki lahko storimo \u0161e ve\u010d.<\/p>\n<p>Tropska medicina je tam, kjer je zdravnik drugi v vrsti \u2013 takoj za va\u0161kim vra\u010dem.<\/p>\n<p><strong>Na\u0161e delovanje<\/strong><\/p>\n<p>Prek Sekcije za tropsko medicino pri Medicinski fakulteti in Sekcije za tropsko medicino pri Zdravni\u0161kem dru\u0161tvu se \u0161tudenti medicine, stomatologije, mikrobiologije, visoke \u0161ole za zdravstvo in zdravniki dodatno izobra\u017eujemo s podro\u010dja tropske medicine in nato delujemo na terenu v tropskih de\u017eelah s slab\u0161o zdravstveno oskrbo. S pridobljenimi izku\u0161njami doma pomagamo pri izobra\u017eevanju novih generacij \u0161tudentov. Za zdravnike, ki se pri svojem delu sre\u010dujejo s popotniki, pa je vsake dve leti organiziran Te\u010daj tropske in potovalne medicine.<\/p>\n<p>Svojo dejavnost sku\u0161amo tudi \u010dim bolj pribli\u017eati \u0161ir\u0161i javnosti. Poznavanje tropskih bolezni in razmer v manj razvitih de\u017eelah nam je v veliko pomo\u010d tudi pri na\u0161em delu doma, saj vse ve\u010d ljudi potuje po svetu in potrebuje dober nasvet pred odhodom, v\u010dasih pa celo zdravljenje po vrnitvi domov.<\/p>\n<p>Na\u0161e delo je neizogibno povezano z dru\u017eenjem s tamkaj\u0161njo kulturo in na\u010dinom \u017eivljenja. Vsak od nas je zaznamovan z zgodbami, ki presegajo zdravstveni okvir. Z razli\u010dnimi projekti sku\u0161amo ljudem pomagati tudi na podro\u010djih \u0161olanja, prehrane, varne vode, dela &#8230; Sre\u010den, podu\u010den \u010dlovek ima namre\u010d ve\u010d mo\u017enosti, da (p)ostane zdrav!<\/p>\n","protected":false},"excerpt":{"rendered":"<p>Leta 1977 se je v trope podala prva slovenska zdravni\u0161ka odprava. Za prof. Franja Piklja je bila afri\u0161ka de\u017eela ljubezen na prvi pogled, nepozabno iskreno do\u017eivetje s Pigmejci pa ga je zaznamovalo za vse \u017eivljenje. Tropski medicini je posvetil vse &hellip; <a href=\"https:\/\/stpm.si\/?page_id=194\">Beri naprej <span class=\"meta-nav\">&rarr;<\/span><\/a><\/p>\n","protected":false},"author":1,"featured_media":0,"parent":0,"menu_order":0,"comment_status":"closed","ping_status":"open","template":"","meta":{"ngg_post_thumbnail":0},"_links":{"self":[{"href":"https:\/\/stpm.si\/index.php?rest_route=\/wp\/v2\/pages\/194"}],"collection":[{"href":"https:\/\/stpm.si\/index.php?rest_route=\/wp\/v2\/pages"}],"about":[{"href":"https:\/\/stpm.si\/index.php?rest_route=\/wp\/v2\/types\/page"}],"author":[{"embeddable":true,"href":"https:\/\/stpm.si\/index.php?rest_route=\/wp\/v2\/users\/1"}],"replies":[{"embeddable":true,"href":"https:\/\/stpm.si\/index.php?rest_route=%2Fwp%2Fv2%2Fcomments&post=194"}],"version-history":[{"count":2,"href":"https:\/\/stpm.si\/index.php?rest_route=\/wp\/v2\/pages\/194\/revisions"}],"predecessor-version":[{"id":197,"href":"https:\/\/stpm.si\/index.php?rest_route=\/wp\/v2\/pages\/194\/revisions\/197"}],"wp:attachment":[{"href":"https:\/\/stpm.si\/index.php?rest_route=%2Fwp%2Fv2%2Fmedia&parent=194"}],"curies":[{"name":"wp","href":"https:\/\/api.w.org\/{rel}","templated":true}]}}